{"id":312,"date":"2021-06-28T12:03:41","date_gmt":"2021-06-28T10:03:41","guid":{"rendered":"https:\/\/thallium-legalconsultancy.com\/index.php\/about-us\/"},"modified":"2023-05-22T09:57:40","modified_gmt":"2023-05-22T07:57:40","slug":"qui-sommes-nous","status":"publish","type":"page","link":"https:\/\/thallium-legalconsultancy.com\/fr\/qui-sommes-nous\/","title":{"rendered":"Qui sommes nous"},"content":{"rendered":"\t\t<div data-elementor-type=\"wp-page\" data-elementor-id=\"312\" class=\"elementor elementor-312\">\n\t\t\t\t\t\t<section class=\"elementor-section elementor-top-section elementor-element elementor-element-447ce05 elementor-section-boxed elementor-section-height-default elementor-section-height-default\" data-id=\"447ce05\" data-element_type=\"section\" data-e-type=\"section\">\n\t\t\t\t\t\t<div class=\"elementor-container elementor-column-gap-default\">\n\t\t\t\t\t<div class=\"elementor-column elementor-col-50 elementor-top-column elementor-element elementor-element-d53c8fd\" data-id=\"d53c8fd\" data-element_type=\"column\" data-e-type=\"column\">\n\t\t\t<div class=\"elementor-widget-wrap elementor-element-populated\">\n\t\t\t\t\t\t<div class=\"elementor-element elementor-element-3ea1d35 elementor-invisible elementor-widget elementor-widget-heading\" data-id=\"3ea1d35\" data-element_type=\"widget\" data-e-type=\"widget\" data-settings=\"{&quot;_animation&quot;:&quot;fadeInUp&quot;}\" data-widget_type=\"heading.default\">\n\t\t\t\t<div class=\"elementor-widget-container\">\n\t\t\t\t\t<h1 class=\"elementor-heading-title elementor-size-default\">Qui sommes-nous\n<\/h1>\t\t\t\t<\/div>\n\t\t\t\t<\/div>\n\t\t\t\t<div class=\"elementor-element elementor-element-3a7dbfa elementor-invisible elementor-widget elementor-widget-text-editor\" data-id=\"3a7dbfa\" data-element_type=\"widget\" data-e-type=\"widget\" data-settings=\"{&quot;_animation&quot;:&quot;fadeInUp&quot;}\" data-widget_type=\"text-editor.default\">\n\t\t\t\t<div class=\"elementor-widget-container\">\n\t\t\t\t\t\t\t\t\t<p>Thallium Legal Consultancy est un cabinet pluridisciplinaire compos\u00e9 d\u2019avocats habilit\u00e9s \u00e0 exercer en France et aux \u00c9mirats Arabes Unis.<\/p><p>Notre cabinet assiste \u00e0 la fois des particuliers et des entreprises priv\u00e9es de toutes tailles et ce, dans tous les secteurs d\u2019activit\u00e9s tels que le e-commerce, les t\u00e9l\u00e9communications, la vente au d\u00e9tail, l&rsquo;immobilier, les transports et infrastructures etc.<\/p><p>La confiance et la comp\u00e9tence sont des valeurs importantes pour Thallium Legal Consultancy. Le Cabinet s\u2019attache donc \u00e0 offrir \u00e0 ses clients les solutions les plus efficaces et ce, dans tous les domaines du droit, qu\u2019il s\u2019agisse de contentieux des affaires, de contrats commerciaux, de droit des soci\u00e9t\u00e9s, de droit p\u00e9nal, de droit immobilier, de droit du travail ou encore de droit fiscal.<\/p>\t\t\t\t\t\t\t\t<\/div>\n\t\t\t\t<\/div>\n\t\t\t\t<div class=\"elementor-element elementor-element-719b5ce elementor-invisible elementor-widget elementor-widget-text-editor\" data-id=\"719b5ce\" data-element_type=\"widget\" data-e-type=\"widget\" data-settings=\"{&quot;_animation&quot;:&quot;fadeInUp&quot;}\" data-widget_type=\"text-editor.default\">\n\t\t\t\t<div class=\"elementor-widget-container\">\n\t\t\t\t\t\t\t\t\tNous intervenons sur des probl\u00e9matiques complexes et avons d\u00e9velopp\u00e9 une expertise transversale portant sur des questions techniques, financi\u00e8res et juridiques. Cela nous permet d&rsquo;offrir \u00e0 nos clients des solutions appropri\u00e9es \u00e0 la fois efficaces et r\u00e9pondant \u00e0 des besoins en constante \u00e9volution.\n\nNos avocats sont admis \u00e0 pratiquer aussi bien en France qu\u2019aux Emirats Arabes Unis et ont une connaissance approfondie des lois r\u00e9gionales et internationales, pour assister les clients lors de probl\u00e9matiques transfrontali\u00e8res.\n\nNous choisissons \u00e9galement avec soin notre r\u00e9seau d&rsquo;avocats internationaux et, \u00e0 cet \u00e9gard, nous disposons d\u2019un large r\u00e9seau en Europe, en Afrique du Nord, au Moyen-Orient ainsi qu\u2019en Asie.\t\t\t\t\t\t\t\t<\/div>\n\t\t\t\t<\/div>\n\t\t\t\t\t<\/div>\n\t\t<\/div>\n\t\t\t\t<div class=\"elementor-column elementor-col-50 elementor-top-column elementor-element elementor-element-37dad3b\" data-id=\"37dad3b\" data-element_type=\"column\" data-e-type=\"column\">\n\t\t\t<div class=\"elementor-widget-wrap elementor-element-populated\">\n\t\t\t\t\t\t<div class=\"elementor-element elementor-element-190981a elementor-invisible elementor-widget elementor-widget-image\" data-id=\"190981a\" data-element_type=\"widget\" data-e-type=\"widget\" data-settings=\"{&quot;_animation&quot;:&quot;fadeInUp&quot;}\" data-widget_type=\"image.default\">\n\t\t\t\t<div class=\"elementor-widget-container\">\n\t\t\t\t\t\t\t\t\t\t\t\t\t\t\t<img fetchpriority=\"high\" decoding=\"async\" width=\"560\" height=\"526\" src=\"https:\/\/thallium-legalconsultancy.com\/wp-content\/uploads\/2023\/05\/about-img.png\" class=\"attachment-full size-full wp-image-1532\" alt=\"\" srcset=\"https:\/\/thallium-legalconsultancy.com\/wp-content\/uploads\/2023\/05\/about-img.png 560w, https:\/\/thallium-legalconsultancy.com\/wp-content\/uploads\/2023\/05\/about-img-300x282.png 300w\" sizes=\"(max-width: 560px) 100vw, 560px\" \/>\t\t\t\t\t\t\t\t\t\t\t\t\t\t\t<\/div>\n\t\t\t\t<\/div>\n\t\t\t\t\t<\/div>\n\t\t<\/div>\n\t\t\t\t\t<\/div>\n\t\t<\/section>\n\t\t\t\t<section class=\"elementor-section elementor-top-section elementor-element elementor-element-3c70eae elementor-section-full_width elementor-section-content-middle elementor-section-height-default elementor-section-height-default\" data-id=\"3c70eae\" data-element_type=\"section\" data-e-type=\"section\">\n\t\t\t\t\t\t<div class=\"elementor-container elementor-column-gap-default\">\n\t\t\t\t\t<div class=\"elementor-column elementor-col-50 elementor-top-column elementor-element elementor-element-a93e49d\" data-id=\"a93e49d\" data-element_type=\"column\" data-e-type=\"column\">\n\t\t\t<div class=\"elementor-widget-wrap elementor-element-populated\">\n\t\t\t\t\t\t<div class=\"elementor-element elementor-element-79d431d elementor-widget__width-initial elementor-widget-mobile__width-initial elementor-widget elementor-widget-image\" data-id=\"79d431d\" data-element_type=\"widget\" data-e-type=\"widget\" data-widget_type=\"image.default\">\n\t\t\t\t<div class=\"elementor-widget-container\">\n\t\t\t\t\t\t\t\t\t\t\t\t\t\t\t<img decoding=\"async\" width=\"651\" height=\"747\" src=\"https:\/\/thallium-legalconsultancy.com\/wp-content\/uploads\/2023\/05\/Mask-group-2-1.jpg\" class=\"attachment-full size-full wp-image-1584\" alt=\"\" srcset=\"https:\/\/thallium-legalconsultancy.com\/wp-content\/uploads\/2023\/05\/Mask-group-2-1.jpg 651w, https:\/\/thallium-legalconsultancy.com\/wp-content\/uploads\/2023\/05\/Mask-group-2-1-261x300.jpg 261w\" sizes=\"(max-width: 651px) 100vw, 651px\" \/>\t\t\t\t\t\t\t\t\t\t\t\t\t\t\t<\/div>\n\t\t\t\t<\/div>\n\t\t\t\t\t<\/div>\n\t\t<\/div>\n\t\t\t\t<div class=\"elementor-column elementor-col-50 elementor-top-column elementor-element elementor-element-4fb69b3\" data-id=\"4fb69b3\" data-element_type=\"column\" data-e-type=\"column\">\n\t\t\t<div class=\"elementor-widget-wrap elementor-element-populated\">\n\t\t\t\t\t\t<div class=\"elementor-element elementor-element-5e7780d elementor-widget__width-initial elementor-widget-mobile__width-inherit elementor-invisible elementor-widget elementor-widget-heading\" data-id=\"5e7780d\" data-element_type=\"widget\" data-e-type=\"widget\" data-settings=\"{&quot;_animation&quot;:&quot;fadeInUp&quot;}\" data-widget_type=\"heading.default\">\n\t\t\t\t<div class=\"elementor-widget-container\">\n\t\t\t\t\t<h2 class=\"elementor-heading-title elementor-size-default\">Comment proc\u00e9dons-nous au sein de Thallium Legal Consultancy?<\/h2>\t\t\t\t<\/div>\n\t\t\t\t<\/div>\n\t\t\t\t<div class=\"elementor-element elementor-element-83f1df2 elementor-widget__width-initial elementor-widget-tablet__width-inherit elementor-invisible elementor-widget elementor-widget-text-editor\" data-id=\"83f1df2\" data-element_type=\"widget\" data-e-type=\"widget\" data-settings=\"{&quot;_animation&quot;:&quot;fadeInUp&quot;}\" data-widget_type=\"text-editor.default\">\n\t\t\t\t<div class=\"elementor-widget-container\">\n\t\t\t\t\t\t\t\t\t<p>Nos avocats se charge d\u2019organiser une r\u00e9union \u00e0 votre convenance, que ce soit par t\u00e9l\u00e9phone ou sur place et ce, pour s&rsquo;enqu\u00e9rir de l\u2019ensemble de vos demandes.<\/p><p>Une fois r\u00e9ception de vos documents, nous \u00e9tablissons un plan d&rsquo;action rapide, efficace et abordable.<\/p><p>Nous vous adressons ensuite une Convention d&rsquo;honoraires claire et transparente, pr\u00e9cisant le montant ou le mode de d\u00e9termination des honoraires et ce, conform\u00e9ment au Code de d\u00e9ontologie de la profession d\u2019avocat. En effet, nos honoraires d\u00e9pendent notamment du temps consacr\u00e9 \u00e0 l\u2019affaire, du travail de recherche, de la nature et la difficult\u00e9 de l\u2019affaire ainsi que de l\u2019importance des int\u00e9r\u00eats en cause.<\/p><p>Notre Convention d&rsquo;honoraires d\u00e9taille et englobe l\u2019ensemble des services aff\u00e9rents, tels que l&rsquo;analyse des documents, les recherches factuelles et juridiques, la r\u00e9daction des diff\u00e9rentes \u00e9critures, les divers \u00e9changes avec notre client et avec la partie adverse.<\/p><p>Lorsque cette Convention est formellement accept\u00e9e, nous commen\u00e7ons \u00e0 travailler sur le dossier tout en assurant un contact permanent avec notre client. Le projet final est alors soumis pour approbation et \u00e9ventuelles observations.<\/p><p>Il convient d\u2019indiquer que le secret professionnel des avocats prot\u00e8ge l\u2019ensemble de la relation avocat-client. Les documents et informations communiqu\u00e9s \u00e0 l\u2019oral ou \u00e0 l\u2019\u00e9crit sont donc strictement confidentiels<\/p>\t\t\t\t\t\t\t\t<\/div>\n\t\t\t\t<\/div>\n\t\t\t\t\t<\/div>\n\t\t<\/div>\n\t\t\t\t\t<\/div>\n\t\t<\/section>\n\t\t\t\t<section class=\"elementor-section elementor-top-section elementor-element elementor-element-8796b98 elementor-hidden-desktop elementor-hidden-tablet elementor-hidden-mobile elementor-section-boxed elementor-section-height-default elementor-section-height-default\" data-id=\"8796b98\" data-element_type=\"section\" data-e-type=\"section\" id=\"our-team\">\n\t\t\t\t\t\t<div class=\"elementor-container elementor-column-gap-default\">\n\t\t\t\t\t<div class=\"elementor-column elementor-col-100 elementor-top-column elementor-element elementor-element-3811eef\" data-id=\"3811eef\" data-element_type=\"column\" data-e-type=\"column\">\n\t\t\t<div class=\"elementor-widget-wrap elementor-element-populated\">\n\t\t\t\t\t\t<div class=\"elementor-element elementor-element-bc4e680 elementor-invisible elementor-widget elementor-widget-heading\" data-id=\"bc4e680\" data-element_type=\"widget\" data-e-type=\"widget\" data-settings=\"{&quot;_animation&quot;:&quot;fadeInUp&quot;}\" data-widget_type=\"heading.default\">\n\t\t\t\t<div class=\"elementor-widget-container\">\n\t\t\t\t\t<h3 class=\"elementor-heading-title elementor-size-default\">Notre \u00e9quipe<\/h3>\t\t\t\t<\/div>\n\t\t\t\t<\/div>\n\t\t\t\t<section class=\"elementor-section elementor-inner-section elementor-element elementor-element-787251f elementor-section-boxed elementor-section-height-default elementor-section-height-default\" data-id=\"787251f\" data-element_type=\"section\" data-e-type=\"section\">\n\t\t\t\t\t\t<div class=\"elementor-container elementor-column-gap-default\">\n\t\t\t\t\t<div class=\"elementor-column elementor-col-33 elementor-inner-column elementor-element elementor-element-002a5b8\" data-id=\"002a5b8\" data-element_type=\"column\" data-e-type=\"column\">\n\t\t\t<div class=\"elementor-widget-wrap elementor-element-populated\">\n\t\t\t\t\t\t<div class=\"elementor-element elementor-element-dc473f4 elementor-position-top elementor-widget elementor-widget-image-box\" data-id=\"dc473f4\" data-element_type=\"widget\" data-e-type=\"widget\" data-widget_type=\"image-box.default\">\n\t\t\t\t<div class=\"elementor-widget-container\">\n\t\t\t\t\t<div class=\"elementor-image-box-wrapper\"><figure class=\"elementor-image-box-img\"><img decoding=\"async\" width=\"393\" height=\"423\" src=\"https:\/\/thallium-legalconsultancy.com\/wp-content\/uploads\/2023\/05\/Mask-group-3-1.jpg\" class=\"attachment-full size-full wp-image-1586\" alt=\"\" srcset=\"https:\/\/thallium-legalconsultancy.com\/wp-content\/uploads\/2023\/05\/Mask-group-3-1.jpg 393w, https:\/\/thallium-legalconsultancy.com\/wp-content\/uploads\/2023\/05\/Mask-group-3-1-279x300.jpg 279w\" sizes=\"(max-width: 393px) 100vw, 393px\" \/><\/figure><div class=\"elementor-image-box-content\"><h3 class=\"elementor-image-box-title\">Darlene Robertson<\/h3><p class=\"elementor-image-box-description\">Lawyer - Founder<\/p><\/div><\/div>\t\t\t\t<\/div>\n\t\t\t\t<\/div>\n\t\t\t\t\t<\/div>\n\t\t<\/div>\n\t\t\t\t<div class=\"elementor-column elementor-col-33 elementor-inner-column elementor-element elementor-element-c93c142\" data-id=\"c93c142\" data-element_type=\"column\" data-e-type=\"column\">\n\t\t\t<div class=\"elementor-widget-wrap elementor-element-populated\">\n\t\t\t\t\t\t<div class=\"elementor-element elementor-element-f6b54fc elementor-position-top elementor-widget elementor-widget-image-box\" data-id=\"f6b54fc\" data-element_type=\"widget\" data-e-type=\"widget\" data-widget_type=\"image-box.default\">\n\t\t\t\t<div class=\"elementor-widget-container\">\n\t\t\t\t\t<div class=\"elementor-image-box-wrapper\"><figure class=\"elementor-image-box-img\"><img loading=\"lazy\" decoding=\"async\" width=\"393\" height=\"423\" src=\"https:\/\/thallium-legalconsultancy.com\/wp-content\/uploads\/2023\/05\/Mask-group-4-1.jpg\" class=\"attachment-full size-full wp-image-1588\" alt=\"\" srcset=\"https:\/\/thallium-legalconsultancy.com\/wp-content\/uploads\/2023\/05\/Mask-group-4-1.jpg 393w, https:\/\/thallium-legalconsultancy.com\/wp-content\/uploads\/2023\/05\/Mask-group-4-1-279x300.jpg 279w\" sizes=\"(max-width: 393px) 100vw, 393px\" \/><\/figure><div class=\"elementor-image-box-content\"><h3 class=\"elementor-image-box-title\">Darlene Robertson<\/h3><p class=\"elementor-image-box-description\">Lawyer - Founder<\/p><\/div><\/div>\t\t\t\t<\/div>\n\t\t\t\t<\/div>\n\t\t\t\t\t<\/div>\n\t\t<\/div>\n\t\t\t\t<div class=\"elementor-column elementor-col-33 elementor-inner-column elementor-element elementor-element-2f22982\" data-id=\"2f22982\" data-element_type=\"column\" data-e-type=\"column\">\n\t\t\t<div class=\"elementor-widget-wrap elementor-element-populated\">\n\t\t\t\t\t\t<div class=\"elementor-element elementor-element-1cfb538 elementor-position-top elementor-widget elementor-widget-image-box\" data-id=\"1cfb538\" data-element_type=\"widget\" data-e-type=\"widget\" data-widget_type=\"image-box.default\">\n\t\t\t\t<div class=\"elementor-widget-container\">\n\t\t\t\t\t<div class=\"elementor-image-box-wrapper\"><figure class=\"elementor-image-box-img\"><img loading=\"lazy\" decoding=\"async\" width=\"393\" height=\"423\" src=\"https:\/\/thallium-legalconsultancy.com\/wp-content\/uploads\/2023\/05\/Mask-group-5-1.jpg\" class=\"attachment-full size-full wp-image-1590\" alt=\"\" srcset=\"https:\/\/thallium-legalconsultancy.com\/wp-content\/uploads\/2023\/05\/Mask-group-5-1.jpg 393w, https:\/\/thallium-legalconsultancy.com\/wp-content\/uploads\/2023\/05\/Mask-group-5-1-279x300.jpg 279w\" sizes=\"(max-width: 393px) 100vw, 393px\" \/><\/figure><div class=\"elementor-image-box-content\"><h3 class=\"elementor-image-box-title\">Darlene Robertson<\/h3><p class=\"elementor-image-box-description\">Lawyer - Founder<\/p><\/div><\/div>\t\t\t\t<\/div>\n\t\t\t\t<\/div>\n\t\t\t\t\t<\/div>\n\t\t<\/div>\n\t\t\t\t\t<\/div>\n\t\t<\/section>\n\t\t\t\t\t<\/div>\n\t\t<\/div>\n\t\t\t\t\t<\/div>\n\t\t<\/section>\n\t\t\t\t<\/div>\n\t\t","protected":false},"excerpt":{"rendered":"<p>Qui sommes-nous Thallium Legal Consultancy est un cabinet pluridisciplinaire compos\u00e9 d\u2019avocats habilit\u00e9s \u00e0 exercer en France et aux \u00c9mirats Arabes Unis. Notre cabinet assiste \u00e0 la fois des particuliers et des entreprises priv\u00e9es de toutes tailles et ce, dans tous les secteurs d\u2019activit\u00e9s tels que le e-commerce, les t\u00e9l\u00e9communications, la vente au d\u00e9tail, l&rsquo;immobilier, les [&hellip;]<\/p>\n","protected":false},"author":1,"featured_media":0,"parent":0,"menu_order":0,"comment_status":"closed","ping_status":"closed","template":"","meta":{"_acf_changed":false,"footnotes":""},"class_list":["post-312","page","type-page","status-publish","hentry"],"acf":[],"_links":{"self":[{"href":"https:\/\/thallium-legalconsultancy.com\/fr\/wp-json\/wp\/v2\/pages\/312","targetHints":{"allow":["GET"]}}],"collection":[{"href":"https:\/\/thallium-legalconsultancy.com\/fr\/wp-json\/wp\/v2\/pages"}],"about":[{"href":"https:\/\/thallium-legalconsultancy.com\/fr\/wp-json\/wp\/v2\/types\/page"}],"author":[{"embeddable":true,"href":"https:\/\/thallium-legalconsultancy.com\/fr\/wp-json\/wp\/v2\/users\/1"}],"replies":[{"embeddable":true,"href":"https:\/\/thallium-legalconsultancy.com\/fr\/wp-json\/wp\/v2\/comments?post=312"}],"version-history":[{"count":49,"href":"https:\/\/thallium-legalconsultancy.com\/fr\/wp-json\/wp\/v2\/pages\/312\/revisions"}],"predecessor-version":[{"id":1614,"href":"https:\/\/thallium-legalconsultancy.com\/fr\/wp-json\/wp\/v2\/pages\/312\/revisions\/1614"}],"wp:attachment":[{"href":"https:\/\/thallium-legalconsultancy.com\/fr\/wp-json\/wp\/v2\/media?parent=312"}],"curies":[{"name":"wp","href":"https:\/\/api.w.org\/{rel}","templated":true}]}}