{"id":304,"date":"2022-01-21T19:14:54","date_gmt":"2022-01-21T18:14:54","guid":{"rendered":"https:\/\/thallium-legalconsultancy.com\/index.php\/dispute-resolution\/"},"modified":"2023-04-20T07:51:25","modified_gmt":"2023-04-20T05:51:25","slug":"contentieux-des-affaires-et-arbitrage","status":"publish","type":"page","link":"https:\/\/thallium-legalconsultancy.com\/fr\/contentieux-des-affaires-et-arbitrage\/","title":{"rendered":"Contentieux des affaires et Arbitrage"},"content":{"rendered":"\t\t<div data-elementor-type=\"wp-page\" data-elementor-id=\"304\" class=\"elementor elementor-304\">\n\t\t\t\t\t\t<section class=\"elementor-section elementor-top-section elementor-element elementor-element-28d9de2 elementor-section-boxed elementor-section-height-default elementor-section-height-default\" data-id=\"28d9de2\" data-element_type=\"section\" data-e-type=\"section\">\n\t\t\t\t\t\t<div class=\"elementor-container elementor-column-gap-default\">\n\t\t\t\t\t<div class=\"elementor-column elementor-col-50 elementor-top-column elementor-element elementor-element-e0d79d2\" data-id=\"e0d79d2\" data-element_type=\"column\" data-e-type=\"column\">\n\t\t\t<div class=\"elementor-widget-wrap elementor-element-populated\">\n\t\t\t\t\t\t<div class=\"elementor-element elementor-element-9420feb elementor-invisible elementor-widget elementor-widget-image\" data-id=\"9420feb\" data-element_type=\"widget\" data-e-type=\"widget\" data-settings=\"{&quot;_animation&quot;:&quot;fadeInUp&quot;}\" data-widget_type=\"image.default\">\n\t\t\t\t<div class=\"elementor-widget-container\">\n\t\t\t\t\t\t\t\t\t\t\t\t\t\t\t<img fetchpriority=\"high\" decoding=\"async\" width=\"528\" height=\"604\" src=\"https:\/\/thallium-legalconsultancy.com\/wp-content\/uploads\/2023\/04\/Group-3494-5.png\" class=\"attachment-full size-full wp-image-881\" alt=\"\" srcset=\"https:\/\/thallium-legalconsultancy.com\/wp-content\/uploads\/2023\/04\/Group-3494-5.png 528w, https:\/\/thallium-legalconsultancy.com\/wp-content\/uploads\/2023\/04\/Group-3494-5-262x300.png 262w\" sizes=\"(max-width: 528px) 100vw, 528px\" \/>\t\t\t\t\t\t\t\t\t\t\t\t\t\t\t<\/div>\n\t\t\t\t<\/div>\n\t\t\t\t\t<\/div>\n\t\t<\/div>\n\t\t\t\t<div class=\"elementor-column elementor-col-50 elementor-top-column elementor-element elementor-element-403a1a6\" data-id=\"403a1a6\" data-element_type=\"column\" data-e-type=\"column\">\n\t\t\t<div class=\"elementor-widget-wrap elementor-element-populated\">\n\t\t\t\t\t\t<div class=\"elementor-element elementor-element-9536648 gradiant-title elementor-invisible elementor-widget elementor-widget-heading\" data-id=\"9536648\" data-element_type=\"widget\" data-e-type=\"widget\" data-settings=\"{&quot;_animation&quot;:&quot;fadeInUp&quot;}\" data-widget_type=\"heading.default\">\n\t\t\t\t<div class=\"elementor-widget-container\">\n\t\t\t\t\t<h1 class=\"elementor-heading-title elementor-size-default\">Contentieux des affaires et Arbitrage<\/h1>\t\t\t\t<\/div>\n\t\t\t\t<\/div>\n\t\t\t\t<div class=\"elementor-element elementor-element-5dc6a31 elementor-invisible elementor-widget elementor-widget-text-editor\" data-id=\"5dc6a31\" data-element_type=\"widget\" data-e-type=\"widget\" data-settings=\"{&quot;_animation&quot;:&quot;fadeInUp&quot;}\" data-widget_type=\"text-editor.default\">\n\t\t\t\t<div class=\"elementor-widget-container\">\n\t\t\t\t\t\t\t\t\t<p>En cas de litige, il est essentiel d&rsquo;en anticiper l&rsquo;issue et de faire appel \u00e0 un cabinet d&rsquo;avocats fiable et exp\u00e9riment\u00e9. Nos avocats ont une expertise in\u00e9gal\u00e9e en mati\u00e8re de r\u00e9solution des conflits dans tous les domaines du droit, peu importe le secteur d&rsquo;activit\u00e9.<\/p><p>Thallium Legal Consultancy assiste aussi bien des particuliers que des entreprises priv\u00e9es devant les tribunaux \u00e9tatiques et arbitraux pour des litiges d&rsquo;ordre financier, contractuel, immobilier, etc. Nos avocats b\u00e9n\u00e9ficient d&rsquo;une exp\u00e9rience sans pr\u00e9c\u00e9dent, aussi bien aux \u00c9mirats Arabes Unis qu&rsquo;en France, afin de d\u00e9fendre au mieux vos int\u00e9r\u00eats devant diff\u00e9rentes juridictions.<\/p><p>Nous proc\u00e9dons, entre autres, \u00e0 la r\u00e9daction de consultations juridiques, de conclusions, de requ\u00eates, d&rsquo;assignations, d&rsquo;injonctions de payer\/de faire. Nous nous chargeons de les signifier \u00e0 la partie adverse et un Advocate plaidera le dossier devant les juridictions comp\u00e9tentes. Nos avocats travaillent indiff\u00e9remment en anglais, en arabe et en fran\u00e7ais afin de faciliter votre compr\u00e9hension du dossier.<\/p><p>Nos avocats prennent le temps n\u00e9cessaire pour vous tenir inform\u00e9 de l&rsquo;\u00e9tat du dossier \u00e0 chaque \u00e9tape de la proc\u00e9dure et vous expliquer en d\u00e9tail leurs \u00e9critures et strat\u00e9gies aff\u00e9rentes.<\/p><p>Dans l&rsquo;hypoth\u00e8se o\u00f9 vous souhaiteriez, dans un premier temps, analyser vos chances de succ\u00e8s, nos avocats seront \u00e0 m\u00eame de vous conseiller et de vous apporter un avis juridique \u00e9clair\u00e9 quant aux chances de succ\u00e8s de votre demande. Dans le cas contraire, nous vous assisterons au mieux pour d\u00e9fendre vos int\u00e9r\u00eats.<\/p><p>En tout \u00e9tat de cause, nous privil\u00e9gierons toujours un r\u00e8glement \u00e0 l&rsquo;amiable car nous pensons que certaines questions peuvent \u00eatre r\u00e9solues sans proc\u00e9dure judiciaire. Nos avocats sont particuli\u00e8rement comp\u00e9tents en mati\u00e8re de n\u00e9gociation, m\u00e9diation et conciliation. De tels modes alternatifs de r\u00e9solution des diff\u00e9rends peuvent vous permettre d&rsquo;\u00e9conomiser du temps et de l&rsquo;argent. \u00c0 cet \u00e9gard, nos avocats peuvent indiff\u00e9remment participer en tant que M\u00e9diateur\/Conciliateur ou en tant que Conseil pour vous assister.<\/p><p>Gr\u00e2ce \u00e0 notre exp\u00e9rience et \u00e0 notre approche transversale des dossiers, nous serons en mesure de vous proposer une solution sur mesure en vue d&rsquo;assurer le succ\u00e8s de votre dossier.<\/p>\t\t\t\t\t\t\t\t<\/div>\n\t\t\t\t<\/div>\n\t\t\t\t\t<\/div>\n\t\t<\/div>\n\t\t\t\t\t<\/div>\n\t\t<\/section>\n\t\t\t\t<\/div>\n\t\t","protected":false},"excerpt":{"rendered":"<p>Contentieux des affaires et Arbitrage En cas de litige, il est essentiel d&rsquo;en anticiper l&rsquo;issue et de faire appel \u00e0 un cabinet d&rsquo;avocats fiable et exp\u00e9riment\u00e9. Nos avocats ont une expertise in\u00e9gal\u00e9e en mati\u00e8re de r\u00e9solution des conflits dans tous les domaines du droit, peu importe le secteur d&rsquo;activit\u00e9. Thallium Legal Consultancy assiste aussi bien [&hellip;]<\/p>\n","protected":false},"author":1,"featured_media":0,"parent":0,"menu_order":0,"comment_status":"closed","ping_status":"closed","template":"elementor_header_footer","meta":{"_acf_changed":false,"footnotes":""},"class_list":["post-304","page","type-page","status-publish","hentry"],"acf":[],"_links":{"self":[{"href":"https:\/\/thallium-legalconsultancy.com\/fr\/wp-json\/wp\/v2\/pages\/304","targetHints":{"allow":["GET"]}}],"collection":[{"href":"https:\/\/thallium-legalconsultancy.com\/fr\/wp-json\/wp\/v2\/pages"}],"about":[{"href":"https:\/\/thallium-legalconsultancy.com\/fr\/wp-json\/wp\/v2\/types\/page"}],"author":[{"embeddable":true,"href":"https:\/\/thallium-legalconsultancy.com\/fr\/wp-json\/wp\/v2\/users\/1"}],"replies":[{"embeddable":true,"href":"https:\/\/thallium-legalconsultancy.com\/fr\/wp-json\/wp\/v2\/comments?post=304"}],"version-history":[{"count":15,"href":"https:\/\/thallium-legalconsultancy.com\/fr\/wp-json\/wp\/v2\/pages\/304\/revisions"}],"predecessor-version":[{"id":1339,"href":"https:\/\/thallium-legalconsultancy.com\/fr\/wp-json\/wp\/v2\/pages\/304\/revisions\/1339"}],"wp:attachment":[{"href":"https:\/\/thallium-legalconsultancy.com\/fr\/wp-json\/wp\/v2\/media?parent=304"}],"curies":[{"name":"wp","href":"https:\/\/api.w.org\/{rel}","templated":true}]}}