{"id":303,"date":"2022-01-25T11:40:48","date_gmt":"2022-01-25T10:40:48","guid":{"rendered":"https:\/\/thallium-legalconsultancy.com\/index.php\/corporate-law\/"},"modified":"2023-04-20T07:25:43","modified_gmt":"2023-04-20T05:25:43","slug":"droit-des-societes-fusions-acquisitions","status":"publish","type":"page","link":"https:\/\/thallium-legalconsultancy.com\/fr\/droit-des-societes-fusions-acquisitions\/","title":{"rendered":"Droit des soci\u00e9t\u00e9s\/Fusions-Acquisitions"},"content":{"rendered":"\t\t<div data-elementor-type=\"wp-page\" data-elementor-id=\"303\" class=\"elementor elementor-303\">\n\t\t\t\t\t\t<section class=\"elementor-section elementor-top-section elementor-element elementor-element-b524506 elementor-section-boxed elementor-section-height-default elementor-section-height-default\" data-id=\"b524506\" data-element_type=\"section\" data-e-type=\"section\">\n\t\t\t\t\t\t<div class=\"elementor-container elementor-column-gap-default\">\n\t\t\t\t\t<div class=\"elementor-column elementor-col-50 elementor-top-column elementor-element elementor-element-3d3ea02\" data-id=\"3d3ea02\" data-element_type=\"column\" data-e-type=\"column\">\n\t\t\t<div class=\"elementor-widget-wrap elementor-element-populated\">\n\t\t\t\t\t\t<div class=\"elementor-element elementor-element-c3b43e9 elementor-invisible elementor-widget elementor-widget-image\" data-id=\"c3b43e9\" data-element_type=\"widget\" data-e-type=\"widget\" data-settings=\"{&quot;_animation&quot;:&quot;fadeInUp&quot;}\" data-widget_type=\"image.default\">\n\t\t\t\t<div class=\"elementor-widget-container\">\n\t\t\t\t\t\t\t\t\t\t\t\t\t\t\t<img fetchpriority=\"high\" decoding=\"async\" width=\"528\" height=\"604\" src=\"https:\/\/thallium-legalconsultancy.com\/wp-content\/uploads\/2023\/04\/Group-3494-1.png\" class=\"attachment-full size-full wp-image-730\" alt=\"\" srcset=\"https:\/\/thallium-legalconsultancy.com\/wp-content\/uploads\/2023\/04\/Group-3494-1.png 528w, https:\/\/thallium-legalconsultancy.com\/wp-content\/uploads\/2023\/04\/Group-3494-1-262x300.png 262w\" sizes=\"(max-width: 528px) 100vw, 528px\" \/>\t\t\t\t\t\t\t\t\t\t\t\t\t\t\t<\/div>\n\t\t\t\t<\/div>\n\t\t\t\t\t<\/div>\n\t\t<\/div>\n\t\t\t\t<div class=\"elementor-column elementor-col-50 elementor-top-column elementor-element elementor-element-801b76f\" data-id=\"801b76f\" data-element_type=\"column\" data-e-type=\"column\">\n\t\t\t<div class=\"elementor-widget-wrap elementor-element-populated\">\n\t\t\t\t\t\t<div class=\"elementor-element elementor-element-afa5fdd gradiant-title elementor-invisible elementor-widget elementor-widget-heading\" data-id=\"afa5fdd\" data-element_type=\"widget\" data-e-type=\"widget\" data-settings=\"{&quot;_animation&quot;:&quot;fadeInUp&quot;}\" data-widget_type=\"heading.default\">\n\t\t\t\t<div class=\"elementor-widget-container\">\n\t\t\t\t\t<h1 class=\"elementor-heading-title elementor-size-default\">Droit des soci\u00e9t\u00e9s\/Fusions-Acquisitions<\/h1>\t\t\t\t<\/div>\n\t\t\t\t<\/div>\n\t\t\t\t<div class=\"elementor-element elementor-element-12db947 elementor-invisible elementor-widget elementor-widget-text-editor\" data-id=\"12db947\" data-element_type=\"widget\" data-e-type=\"widget\" data-settings=\"{&quot;_animation&quot;:&quot;fadeInUp&quot;}\" data-widget_type=\"text-editor.default\">\n\t\t\t\t<div class=\"elementor-widget-container\">\n\t\t\t\t\t\t\t\t\t<p>Nos avocats sp\u00e9cialis\u00e9s en droit des soci\u00e9t\u00e9s seront \u00e0 m\u00eame de vous fournir des conseils juridiques relatifs \u00e0 la constitution de votre soci\u00e9t\u00e9, qu&rsquo;elle soit \u00ab onshore \u00bb, \u00ab offshore \u00bb ou \u00ab mainland \u00bb, ainsi que pour l&rsquo;\u00e9tablissement de bureaux de repr\u00e9sentation, de succursales et filiales et de mani\u00e8re g\u00e9n\u00e9rale, quant \u00e0 la forme de soci\u00e9t\u00e9s \u00e0 adopter pour l&rsquo;exercice de votre activit\u00e9.<\/p><p>Les avocats de Thallium Legal Consultancy conseillent des entreprises de toutes tailles exer\u00e7ant dans diff\u00e9rents secteurs d&rsquo;activit\u00e9s, bas\u00e9es au Moyen-Orient, en Europe et en Asie. Nos avocats ont une connaissance approfondie des lois au niveau local, r\u00e9gional et international en droit des soci\u00e9t\u00e9s et droit fiscal, ce qui permet \u00e0 nos clients d&rsquo;obtenir une analyse compl\u00e8te et personnalis\u00e9e de leur situation juridique et financi\u00e8re.<\/p>\t\t\t\t\t\t\t\t<\/div>\n\t\t\t\t<\/div>\n\t\t\t\t<div class=\"elementor-element elementor-element-3581ed9 elementor-invisible elementor-widget elementor-widget-heading\" data-id=\"3581ed9\" data-element_type=\"widget\" data-e-type=\"widget\" data-settings=\"{&quot;_animation&quot;:&quot;fadeInUp&quot;}\" data-widget_type=\"heading.default\">\n\t\t\t\t<div class=\"elementor-widget-container\">\n\t\t\t\t\t<h3 class=\"elementor-heading-title elementor-size-default\">Ainsi, Thallium Legal Consultancy vous accompagne notamment sur les probl\u00e9matiques suivantes :<\/h3>\t\t\t\t<\/div>\n\t\t\t\t<\/div>\n\t\t\t\t<div class=\"elementor-element elementor-element-541444d elementor-invisible elementor-widget elementor-widget-text-editor\" data-id=\"541444d\" data-element_type=\"widget\" data-e-type=\"widget\" data-settings=\"{&quot;_animation&quot;:&quot;fadeInUp&quot;}\" data-widget_type=\"text-editor.default\">\n\t\t\t\t<div class=\"elementor-widget-container\">\n\t\t\t\t\t\t\t\t\t<ul><li>Fusions et acquisitions (M&amp;A) : Cette transaction financi\u00e8re ayant pour objet le rachat ou l&rsquo;absorption d&rsquo;une entreprise par une autre est particuli\u00e8rement complexe mais joue un r\u00f4le essentiel en vous permettant de d\u00e9velopper vos activit\u00e9s tout en augmentant vos actifs. Nos avocats, ainsi que nos Compliance Officers, vous accompagnent tout au long de cette op\u00e9ration.<br \/><br \/><\/li><li><p>Enregistrement de marque : Une marque peut se d\u00e9finir comme toutes formes de mots, noms, slogans, signatures, symboles, lettres, chiffres, graphiques, logos, titres, images, etc. Il est primordial d&rsquo;y accorder une importance particuli\u00e8re en ce que les entreprises utilisent celle-ci pour distinguer leurs produits ou services de leurs concurrents. Afin de prot\u00e9ger votre entreprise contre toute utilisation frauduleuse de votre marque et de pr\u00e9server votre image aupr\u00e8s de votre client\u00e8le, nos avocats Page 10 of 16 peuvent proc\u00e9der \u00e0 l&rsquo;enregistrement de votre marque aussi bien aux \u00c9mirats Arabes Unis qu&rsquo;en France et en Europe.<br \/><br \/><\/p><\/li><li>Incorporation de soci\u00e9t\u00e9s : Nos avocats vous assistent pour la cr\u00e9ation de votre soci\u00e9t\u00e9 mais aussi pour l\u2019obtention des documents\/autorisations n\u00e9cessaires \u00e0 l\u2019exercice de votre activit\u00e9. Ils interviennent \u00e9galement en cas d\u2019apparition de probl\u00e9matiques au cours du processus d\u2019incorporation..<br \/><br \/><\/li><\/ul><p>Au sein de Thallium Legal Consultancy, nous travaillons sans rel\u00e2che afin que votre entreprise se d\u00e9veloppe et maintient ses objectifs commerciaux tout en se conformant aux diff\u00e9rentes r\u00e9glementations aff\u00e9rentes.<\/p>\t\t\t\t\t\t\t\t<\/div>\n\t\t\t\t<\/div>\n\t\t\t\t\t<\/div>\n\t\t<\/div>\n\t\t\t\t\t<\/div>\n\t\t<\/section>\n\t\t\t\t<\/div>\n\t\t","protected":false},"excerpt":{"rendered":"<p>Droit des soci\u00e9t\u00e9s\/Fusions-Acquisitions Nos avocats sp\u00e9cialis\u00e9s en droit des soci\u00e9t\u00e9s seront \u00e0 m\u00eame de vous fournir des conseils juridiques relatifs \u00e0 la constitution de votre soci\u00e9t\u00e9, qu&rsquo;elle soit \u00ab onshore \u00bb, \u00ab offshore \u00bb ou \u00ab mainland \u00bb, ainsi que pour l&rsquo;\u00e9tablissement de bureaux de repr\u00e9sentation, de succursales et filiales et de mani\u00e8re g\u00e9n\u00e9rale, quant [&hellip;]<\/p>\n","protected":false},"author":1,"featured_media":0,"parent":0,"menu_order":0,"comment_status":"closed","ping_status":"closed","template":"elementor_header_footer","meta":{"_acf_changed":false,"footnotes":""},"class_list":["post-303","page","type-page","status-publish","hentry"],"acf":[],"_links":{"self":[{"href":"https:\/\/thallium-legalconsultancy.com\/fr\/wp-json\/wp\/v2\/pages\/303","targetHints":{"allow":["GET"]}}],"collection":[{"href":"https:\/\/thallium-legalconsultancy.com\/fr\/wp-json\/wp\/v2\/pages"}],"about":[{"href":"https:\/\/thallium-legalconsultancy.com\/fr\/wp-json\/wp\/v2\/types\/page"}],"author":[{"embeddable":true,"href":"https:\/\/thallium-legalconsultancy.com\/fr\/wp-json\/wp\/v2\/users\/1"}],"replies":[{"embeddable":true,"href":"https:\/\/thallium-legalconsultancy.com\/fr\/wp-json\/wp\/v2\/comments?post=303"}],"version-history":[{"count":13,"href":"https:\/\/thallium-legalconsultancy.com\/fr\/wp-json\/wp\/v2\/pages\/303\/revisions"}],"predecessor-version":[{"id":1323,"href":"https:\/\/thallium-legalconsultancy.com\/fr\/wp-json\/wp\/v2\/pages\/303\/revisions\/1323"}],"wp:attachment":[{"href":"https:\/\/thallium-legalconsultancy.com\/fr\/wp-json\/wp\/v2\/media?parent=303"}],"curies":[{"name":"wp","href":"https:\/\/api.w.org\/{rel}","templated":true}]}}