{"id":302,"date":"2022-01-25T11:57:26","date_gmt":"2022-01-25T10:57:26","guid":{"rendered":"https:\/\/thallium-legalconsultancy.com\/index.php\/international-contracts\/"},"modified":"2023-04-20T07:33:50","modified_gmt":"2023-04-20T05:33:50","slug":"contrats-internes-et-internationaux","status":"publish","type":"page","link":"https:\/\/thallium-legalconsultancy.com\/fr\/contrats-internes-et-internationaux\/","title":{"rendered":"Contrats internes et internationaux"},"content":{"rendered":"\t\t<div data-elementor-type=\"wp-page\" data-elementor-id=\"302\" class=\"elementor elementor-302\">\n\t\t\t\t\t\t<section class=\"elementor-section elementor-top-section elementor-element elementor-element-3835efd elementor-section-boxed elementor-section-height-default elementor-section-height-default\" data-id=\"3835efd\" data-element_type=\"section\" data-e-type=\"section\">\n\t\t\t\t\t\t<div class=\"elementor-container elementor-column-gap-default\">\n\t\t\t\t\t<div class=\"elementor-column elementor-col-50 elementor-top-column elementor-element elementor-element-45087a9\" data-id=\"45087a9\" data-element_type=\"column\" data-e-type=\"column\">\n\t\t\t<div class=\"elementor-widget-wrap elementor-element-populated\">\n\t\t\t\t\t\t<div class=\"elementor-element elementor-element-b19ea19 elementor-invisible elementor-widget elementor-widget-image\" data-id=\"b19ea19\" data-element_type=\"widget\" data-e-type=\"widget\" data-settings=\"{&quot;_animation&quot;:&quot;fadeInUp&quot;}\" data-widget_type=\"image.default\">\n\t\t\t\t<div class=\"elementor-widget-container\">\n\t\t\t\t\t\t\t\t\t\t\t\t\t\t\t<img fetchpriority=\"high\" decoding=\"async\" width=\"528\" height=\"604\" src=\"https:\/\/thallium-legalconsultancy.com\/wp-content\/uploads\/2023\/04\/Group-3495-1.png\" class=\"attachment-full size-full wp-image-738\" alt=\"\" srcset=\"https:\/\/thallium-legalconsultancy.com\/wp-content\/uploads\/2023\/04\/Group-3495-1.png 528w, https:\/\/thallium-legalconsultancy.com\/wp-content\/uploads\/2023\/04\/Group-3495-1-262x300.png 262w\" sizes=\"(max-width: 528px) 100vw, 528px\" \/>\t\t\t\t\t\t\t\t\t\t\t\t\t\t\t<\/div>\n\t\t\t\t<\/div>\n\t\t\t\t\t<\/div>\n\t\t<\/div>\n\t\t\t\t<div class=\"elementor-column elementor-col-50 elementor-top-column elementor-element elementor-element-2cc2d7b\" data-id=\"2cc2d7b\" data-element_type=\"column\" data-e-type=\"column\">\n\t\t\t<div class=\"elementor-widget-wrap elementor-element-populated\">\n\t\t\t\t\t\t<div class=\"elementor-element elementor-element-7d93bdc gradiant-title elementor-invisible elementor-widget elementor-widget-heading\" data-id=\"7d93bdc\" data-element_type=\"widget\" data-e-type=\"widget\" data-settings=\"{&quot;_animation&quot;:&quot;fadeInUp&quot;}\" data-widget_type=\"heading.default\">\n\t\t\t\t<div class=\"elementor-widget-container\">\n\t\t\t\t\t<h1 class=\"elementor-heading-title elementor-size-default\">Contrats internes et internationaux<\/h1>\t\t\t\t<\/div>\n\t\t\t\t<\/div>\n\t\t\t\t<div class=\"elementor-element elementor-element-fa54f75 elementor-invisible elementor-widget elementor-widget-text-editor\" data-id=\"fa54f75\" data-element_type=\"widget\" data-e-type=\"widget\" data-settings=\"{&quot;_animation&quot;:&quot;fadeInUp&quot;}\" data-widget_type=\"text-editor.default\">\n\t\t\t\t<div class=\"elementor-widget-container\">\n\t\t\t\t\t\t\t\t\t<p>Thallium Legal Consultancy dispose d&rsquo;avocats sp\u00e9cialis\u00e9s en droit des contrats, qui comprennent la complexit\u00e9 de ces instruments juridiquement contraignants et leurs cons\u00e9quences aff\u00e9rentes. Nos avocats ma\u00eetrisent parfaitement les contrats de droit fran\u00e7ais, EAU et international.<\/p>\t\t\t\t\t\t\t\t<\/div>\n\t\t\t\t<\/div>\n\t\t\t\t<div class=\"elementor-element elementor-element-698875d elementor-invisible elementor-widget elementor-widget-heading\" data-id=\"698875d\" data-element_type=\"widget\" data-e-type=\"widget\" data-settings=\"{&quot;_animation&quot;:&quot;fadeInUp&quot;}\" data-widget_type=\"heading.default\">\n\t\t\t\t<div class=\"elementor-widget-container\">\n\t\t\t\t\t<h3 class=\"elementor-heading-title elementor-size-default\">Nous r\u00e9digeons et relisons diff\u00e9rents types de contrats, tels que:<\/h3>\t\t\t\t<\/div>\n\t\t\t\t<\/div>\n\t\t\t\t<div class=\"elementor-element elementor-element-206b136 elementor-invisible elementor-widget elementor-widget-text-editor\" data-id=\"206b136\" data-element_type=\"widget\" data-e-type=\"widget\" data-settings=\"{&quot;_animation&quot;:&quot;fadeInUp&quot;}\" data-widget_type=\"text-editor.default\">\n\t\t\t\t<div class=\"elementor-widget-container\">\n\t\t\t\t\t\t\t\t\t<ul><li>Promesses\/Contrats de vente et\/ou d\u2019achat ;<\/li><li>Contrats de partenariat commercial<\/li><li>Contrats de franchise<\/li><li>Pactes d\u2019actionnaires<\/li><li>Joint-venture<\/li><li>Contrats de distribution et de franchise<\/li><li>Contrats de prestations de services<\/li><li>Protocoles d\u2019accord transactionnels<\/li><li>Accords de confidentialit\u00e9 et de non-concurrence<\/li><li>Contrats d\u2019apporteurs d\u2019affaires<\/li><li>Contrats de vente de marchandises<\/li><li>Contrats de travail<\/li><li>Contrats d&rsquo;approvisionnement<\/li><li>Testaments<\/li><li>Procurations notari\u00e9es<\/li><\/ul>\t\t\t\t\t\t\t\t<\/div>\n\t\t\t\t<\/div>\n\t\t\t\t<div class=\"elementor-element elementor-element-5016143 elementor-invisible elementor-widget elementor-widget-text-editor\" data-id=\"5016143\" data-element_type=\"widget\" data-e-type=\"widget\" data-settings=\"{&quot;_animation&quot;:&quot;fadeInUp&quot;}\" data-widget_type=\"text-editor.default\">\n\t\t\t\t<div class=\"elementor-widget-container\">\n\t\t\t\t\t\t\t\t\t<p>Chacun des contrats est pr\u00e9cis\u00e9ment adapt\u00e9 \u00e0 vos diff\u00e9rents secteurs d&rsquo;activit\u00e9, personnalis\u00e9 en fonction de vos besoins sp\u00e9cifiques et peut \u00eatre r\u00e9dig\u00e9 indiff\u00e9remment en fran\u00e7ais, anglais ou arabe.<\/p><p>Chacun des contrats est pr\u00e9cis\u00e9ment adapt\u00e9 \u00e0 vos diff\u00e9rents secteurs d&rsquo;activit\u00e9, personnalis\u00e9 en fonction de vos besoins sp\u00e9cifiques et peut \u00eatre r\u00e9dig\u00e9 indiff\u00e9remment en fran\u00e7ais, anglais ou arabe.<\/p><p>Lors de la r\u00e9daction ou de l&rsquo;examen de votre contrat, nous \u00e9valuons les risques et contraintes juridiques locales ou internationales li\u00e9s \u00e0 vos secteurs d&rsquo;activit\u00e9. Sur la base des informations fournies, les avocats de Thallium Legal Consultancy vous alertent quant aux probl\u00e8mes potentiels pouvant survenir et vous conseilleront notamment quant aux clauses de droit applicable, de juridiction, de r\u00e9siliation, de force majeure, de modalit\u00e9 de paiement et celles aff\u00e9rentes aux m\u00e9canismes de r\u00e9solution des litiges.<\/p><p>Nos avocats prendront le temps n\u00e9cessaire pour vous informer quant aux cons\u00e9quences des choix pr\u00e9cit\u00e9s, en prenant notamment en consid\u00e9ration la complexit\u00e9 et le co\u00fbt des proc\u00e9dures judiciaires ainsi que les modalit\u00e9s d&rsquo;ex\u00e9cution des jugements.<\/p><p>Lors de la conclusion d&rsquo;un contrat, il peut \u00eatre parfois n\u00e9cessaire d&rsquo;en n\u00e9gocier les termes avec plusieurs parties. Ces parties doivent \u00eatre identifi\u00e9es et leurs droits et obligations doivent \u00eatre clairement d\u00e9finis afin de minimiser les risques juridiques et financiers aff\u00e9rents.<\/p><p>Thallium Legal Consultancy vous assistera lors de la n\u00e9gociation de votre contrat, du d\u00e9but des pourparlers \u00e0 sa signature, ainsi que pour assurer son ex\u00e9cution devant les diff\u00e9rents tribunaux.<\/p>\t\t\t\t\t\t\t\t<\/div>\n\t\t\t\t<\/div>\n\t\t\t\t\t<\/div>\n\t\t<\/div>\n\t\t\t\t\t<\/div>\n\t\t<\/section>\n\t\t\t\t<\/div>\n\t\t","protected":false},"excerpt":{"rendered":"<p>Contrats internes et internationaux Thallium Legal Consultancy dispose d&rsquo;avocats sp\u00e9cialis\u00e9s en droit des contrats, qui comprennent la complexit\u00e9 de ces instruments juridiquement contraignants et leurs cons\u00e9quences aff\u00e9rentes. Nos avocats ma\u00eetrisent parfaitement les contrats de droit fran\u00e7ais, EAU et international. Nous r\u00e9digeons et relisons diff\u00e9rents types de contrats, tels que: Promesses\/Contrats de vente et\/ou d\u2019achat ; [&hellip;]<\/p>\n","protected":false},"author":1,"featured_media":0,"parent":0,"menu_order":0,"comment_status":"closed","ping_status":"closed","template":"elementor_header_footer","meta":{"_acf_changed":false,"footnotes":""},"class_list":["post-302","page","type-page","status-publish","hentry"],"acf":[],"_links":{"self":[{"href":"https:\/\/thallium-legalconsultancy.com\/fr\/wp-json\/wp\/v2\/pages\/302","targetHints":{"allow":["GET"]}}],"collection":[{"href":"https:\/\/thallium-legalconsultancy.com\/fr\/wp-json\/wp\/v2\/pages"}],"about":[{"href":"https:\/\/thallium-legalconsultancy.com\/fr\/wp-json\/wp\/v2\/types\/page"}],"author":[{"embeddable":true,"href":"https:\/\/thallium-legalconsultancy.com\/fr\/wp-json\/wp\/v2\/users\/1"}],"replies":[{"embeddable":true,"href":"https:\/\/thallium-legalconsultancy.com\/fr\/wp-json\/wp\/v2\/comments?post=302"}],"version-history":[{"count":12,"href":"https:\/\/thallium-legalconsultancy.com\/fr\/wp-json\/wp\/v2\/pages\/302\/revisions"}],"predecessor-version":[{"id":1330,"href":"https:\/\/thallium-legalconsultancy.com\/fr\/wp-json\/wp\/v2\/pages\/302\/revisions\/1330"}],"wp:attachment":[{"href":"https:\/\/thallium-legalconsultancy.com\/fr\/wp-json\/wp\/v2\/media?parent=302"}],"curies":[{"name":"wp","href":"https:\/\/api.w.org\/{rel}","templated":true}]}}