{"id":301,"date":"2022-01-25T12:06:31","date_gmt":"2022-01-25T11:06:31","guid":{"rendered":"https:\/\/thallium-legalconsultancy.com\/index.php\/tax-law\/"},"modified":"2023-05-04T15:10:38","modified_gmt":"2023-05-04T13:10:38","slug":"droit-fiscal","status":"publish","type":"page","link":"https:\/\/thallium-legalconsultancy.com\/fr\/droit-fiscal\/","title":{"rendered":"Droit fiscal"},"content":{"rendered":"\t\t<div data-elementor-type=\"wp-page\" data-elementor-id=\"301\" class=\"elementor elementor-301\">\n\t\t\t\t\t\t<section class=\"elementor-section elementor-top-section elementor-element elementor-element-9c7095e elementor-section-boxed elementor-section-height-default elementor-section-height-default\" data-id=\"9c7095e\" data-element_type=\"section\" data-e-type=\"section\">\n\t\t\t\t\t\t<div class=\"elementor-container elementor-column-gap-default\">\n\t\t\t\t\t<div class=\"elementor-column elementor-col-50 elementor-top-column elementor-element elementor-element-bec9330\" data-id=\"bec9330\" data-element_type=\"column\" data-e-type=\"column\">\n\t\t\t<div class=\"elementor-widget-wrap elementor-element-populated\">\n\t\t\t\t\t\t<div class=\"elementor-element elementor-element-d156a5e elementor-invisible elementor-widget elementor-widget-image\" data-id=\"d156a5e\" data-element_type=\"widget\" data-e-type=\"widget\" data-settings=\"{&quot;_animation&quot;:&quot;fadeInUp&quot;}\" data-widget_type=\"image.default\">\n\t\t\t\t<div class=\"elementor-widget-container\">\n\t\t\t\t\t\t\t\t\t\t\t\t\t\t\t<img fetchpriority=\"high\" decoding=\"async\" width=\"528\" height=\"604\" src=\"https:\/\/thallium-legalconsultancy.com\/wp-content\/uploads\/2023\/04\/Group-3494-2.png\" class=\"attachment-full size-full wp-image-744\" alt=\"\" srcset=\"https:\/\/thallium-legalconsultancy.com\/wp-content\/uploads\/2023\/04\/Group-3494-2.png 528w, https:\/\/thallium-legalconsultancy.com\/wp-content\/uploads\/2023\/04\/Group-3494-2-262x300.png 262w\" sizes=\"(max-width: 528px) 100vw, 528px\" \/>\t\t\t\t\t\t\t\t\t\t\t\t\t\t\t<\/div>\n\t\t\t\t<\/div>\n\t\t\t\t\t<\/div>\n\t\t<\/div>\n\t\t\t\t<div class=\"elementor-column elementor-col-50 elementor-top-column elementor-element elementor-element-dbc7876\" data-id=\"dbc7876\" data-element_type=\"column\" data-e-type=\"column\">\n\t\t\t<div class=\"elementor-widget-wrap elementor-element-populated\">\n\t\t\t\t\t\t<div class=\"elementor-element elementor-element-a27d5f5 gradiant-title elementor-invisible elementor-widget elementor-widget-heading\" data-id=\"a27d5f5\" data-element_type=\"widget\" data-e-type=\"widget\" data-settings=\"{&quot;_animation&quot;:&quot;fadeInUp&quot;}\" data-widget_type=\"heading.default\">\n\t\t\t\t<div class=\"elementor-widget-container\">\n\t\t\t\t\t<h1 class=\"elementor-heading-title elementor-size-default\">Droit fiscal<\/h1>\t\t\t\t<\/div>\n\t\t\t\t<\/div>\n\t\t\t\t<div class=\"elementor-element elementor-element-12f162d elementor-invisible elementor-widget elementor-widget-text-editor\" data-id=\"12f162d\" data-element_type=\"widget\" data-e-type=\"widget\" data-settings=\"{&quot;_animation&quot;:&quot;fadeInUp&quot;}\" data-widget_type=\"text-editor.default\">\n\t\t\t\t<div class=\"elementor-widget-container\">\n\t\t\t\t\t\t\t\t\t<p>Aux \u00c9mirats Arabes Unis, le gouvernement f\u00e9d\u00e9ral ne pr\u00e9l\u00e8ve pas d&rsquo;imp\u00f4ts sur le revenu des particuliers.<\/p><p>Cependant, une r\u00e9glementation fiscale existe et les \u00c9mirats arabes unis ont \u00e9galement sign\u00e9 pas moins de 113 conventions fiscales en vue d&rsquo;\u00e9viter les doubles impositions, m\u00eame si certaines ne sont pas encore en vigueur. Par cons\u00e9quent, les \u00e9ventuelles r\u00e9percussions fiscales doivent imp\u00e9rativement \u00eatre prises en consid\u00e9ration lors de la cr\u00e9ation de votre entreprise.<\/p><p>Les \u00c9mirats arabes unis ont introduit le taux d&rsquo;imposition sur le revenu des soci\u00e9t\u00e9s le plus bas de la r\u00e9gion du CCG, avec un taux standard de 9 %.<\/p><p>L&rsquo;imp\u00f4t sur les soci\u00e9t\u00e9s est une forme d&rsquo;imp\u00f4t direct pr\u00e9lev\u00e9 sur le revenu net des soci\u00e9t\u00e9s.<\/p>\t\t\t\t\t\t\t\t<\/div>\n\t\t\t\t<\/div>\n\t\t\t\t<div class=\"elementor-element elementor-element-9a4e465 elementor-invisible elementor-widget elementor-widget-heading\" data-id=\"9a4e465\" data-element_type=\"widget\" data-e-type=\"widget\" data-settings=\"{&quot;_animation&quot;:&quot;fadeInUp&quot;}\" data-widget_type=\"heading.default\">\n\t\t\t\t<div class=\"elementor-widget-container\">\n\t\t\t\t\t<h3 class=\"elementor-heading-title elementor-size-default\">Cette nouvelle loi fiscale s'appliquera aux :<\/h3>\t\t\t\t<\/div>\n\t\t\t\t<\/div>\n\t\t\t\t<div class=\"elementor-element elementor-element-13c0733 elementor-invisible elementor-widget elementor-widget-text-editor\" data-id=\"13c0733\" data-element_type=\"widget\" data-e-type=\"widget\" data-settings=\"{&quot;_animation&quot;:&quot;fadeInUp&quot;}\" data-widget_type=\"text-editor.default\">\n\t\t\t\t<div class=\"elementor-widget-container\">\n\t\t\t\t\t\t\t\t\t<ul><li>Soci\u00e9t\u00e9s des EAU et les autres personnes morales qui sont constitu\u00e9es ou effectivement g\u00e9r\u00e9es et contr\u00f4l\u00e9es dans les EAU<\/li><li>Personnes physiques qui exercent une activit\u00e9 commerciale aux \u00c9mirats arabes unis<\/li><li>Personnes morales non-r\u00e9sidentes (entit\u00e9s juridiques \u00e9trang\u00e8res) qui disposent d&rsquo;un \u00e9tablissement permanent aux EAU.<\/li><\/ul><p><br \/>Les soci\u00e9t\u00e9s \u00e9tablies en Zone Franche des EAU sont \u00e9galement \u00ab soumises \u00bb \u00e0 l&rsquo;imp\u00f4t sur les soci\u00e9t\u00e9s en tant que \u00ab personnes imposables \u00bb et doivent se conformer aux exigences de la loi sur l&rsquo;imp\u00f4t sur les soci\u00e9t\u00e9s.<\/p><p>Toutefois, une soci\u00e9t\u00e9 \u00e9tablie dans une Zone Franche qui remplit les conditions pour \u00eatre consid\u00e9r\u00e9e en tant que \u00ab\u00a0Qualifying Free Zone Person\u00a0\u00bb (c\u2019est-\u00e0-dire si elle ne r\u00e9alise aucune transaction avec une soci\u00e9t\u00e9 en MAINLAND) peut b\u00e9n\u00e9ficier d&rsquo;un taux d&rsquo;imposition sur les soci\u00e9t\u00e9s de 0 % sur ses revenus qualifi\u00e9s.<\/p><p>Les personnes non-r\u00e9sidentes qui n&rsquo;ont pas d&rsquo;\u00e9tablissement permanent aux \u00c9mirats arabes unis ou qui gagnent des revenus provenant des \u00c9mirats arabes unis qui ne sont pas li\u00e9s \u00e0 leur \u00e9tablissement permanent peuvent \u00eatre soumises \u00e0 une retenue \u00e0 la source (au taux de 0 %). Par cons\u00e9quent, en fonction de votre lieu d&rsquo;activit\u00e9 principal, de votre secteur d&rsquo;activit\u00e9 ou encore de la taille de votre entreprise, il existe plusieurs taxes pouvant s&rsquo;appliquer aux soci\u00e9t\u00e9s et aux particuliers.<\/p><p>Nos fiscalistes &#8211; au sein de notre r\u00e9seau international &#8211; peuvent vous conseiller de part leur connaissance approfondie de la r\u00e9glementation fiscale, tant au niveau r\u00e9gional qu&rsquo;international. Nous veillerons ainsi \u00e0 vous fournir un avis juridique \u00e9clair\u00e9 et complet afin que vous puissiez \u00eatre en conformit\u00e9 avec la l\u00e9gislation fiscale aff\u00e9rente \u00e0 votre situation.<\/p>\t\t\t\t\t\t\t\t<\/div>\n\t\t\t\t<\/div>\n\t\t\t\t<div class=\"elementor-element elementor-element-3f9e4fb elementor-invisible elementor-widget elementor-widget-heading\" data-id=\"3f9e4fb\" data-element_type=\"widget\" data-e-type=\"widget\" data-settings=\"{&quot;_animation&quot;:&quot;fadeInUp&quot;}\" data-widget_type=\"heading.default\">\n\t\t\t\t<div class=\"elementor-widget-container\">\n\t\t\t\t\t<h3 class=\"elementor-heading-title elementor-size-default\">Concernant sp\u00e9cifiquement la r\u00e9glementation fiscale aux \u00c9mirats Arabes Unis, nous pouvons\nvous fournir une consultation juridique portant sur:<\/h3>\t\t\t\t<\/div>\n\t\t\t\t<\/div>\n\t\t\t\t<div class=\"elementor-element elementor-element-9331028 elementor-invisible elementor-widget elementor-widget-text-editor\" data-id=\"9331028\" data-element_type=\"widget\" data-e-type=\"widget\" data-settings=\"{&quot;_animation&quot;:&quot;fadeInUp&quot;}\" data-widget_type=\"text-editor.default\">\n\t\t\t\t<div class=\"elementor-widget-container\">\n\t\t\t\t\t\t\t\t\t<ul><li>La taxe sur la valeur ajout\u00e9e (TVA), en vigueur depuis le mois de janvier 2018 aux \u00c9mirats arabes unis au taux standard de 5 % et applicable \u00e0 la plupart des biens et services, avec un seuil obligatoire ou volontaire par an qui doit \u00eatre d\u00e9clar\u00e9 en ligne avec factures aff\u00e9rentes.<\/li><li>Imp\u00f4ts municipaux\/imp\u00f4ts fonciers<\/li><li>Les droits de douane, qui sont impos\u00e9s dans certains secteurs industriels<\/li><li>La \u00ab Excise Tax \u00bb, applicable aux \u00c9mirats Arabes Unis depuis la fin de 2017<\/li><li>Le \u00ab DTS \u00bb.<\/li><\/ul>\t\t\t\t\t\t\t\t<\/div>\n\t\t\t\t<\/div>\n\t\t\t\t<div class=\"elementor-element elementor-element-5896c12 elementor-invisible elementor-widget elementor-widget-heading\" data-id=\"5896c12\" data-element_type=\"widget\" data-e-type=\"widget\" data-settings=\"{&quot;_animation&quot;:&quot;fadeInUp&quot;}\" data-widget_type=\"heading.default\">\n\t\t\t\t<div class=\"elementor-widget-container\">\n\t\t\t\t\t<h3 class=\"elementor-heading-title elementor-size-default\">Thallium Legal Consultancy peut \u00e9galement vous assister dans les domaines suivants :<\/h3>\t\t\t\t<\/div>\n\t\t\t\t<\/div>\n\t\t\t\t<div class=\"elementor-element elementor-element-12c7beb elementor-invisible elementor-widget elementor-widget-text-editor\" data-id=\"12c7beb\" data-element_type=\"widget\" data-e-type=\"widget\" data-settings=\"{&quot;_animation&quot;:&quot;fadeInUp&quot;}\" data-widget_type=\"text-editor.default\">\n\t\t\t\t<div class=\"elementor-widget-container\">\n\t\t\t\t\t\t\t\t\t<ul><li>Fiscalit\u00e9 des particuliers<\/li><li>Plus-values immobili\u00e8res<\/li><li>D\u00e9clarations d&rsquo;imp\u00f4ts<\/li><li>Droits d&rsquo;enregistrement<\/li><li>Transfert de domicile fiscal<\/li><li>Audit fiscal<\/li><li>Formalit\u00e9s fiscales<\/li><li>Exit tax<\/li><li>Fiscalit\u00e9 des entreprises<\/li><li>Op\u00e9rations courantes et exceptionnelles<\/li><li>Plans d&rsquo;attribution d&rsquo;actions (AGA, BSPCE, RSU, etc.)<\/li><li>Strat\u00e9gie et optimisation fiscale<\/li><li>Restructuration<\/li><li>Charges financi\u00e8res<\/li><li>Revues fiscales<\/li><li>Int\u00e9gration fiscale<\/li><li>Groupe de soci\u00e9t\u00e9s<\/li><li>Contr\u00f4les fiscaux<\/li><li>Contentieux fiscaux<\/li><li>Les d\u00e9saccords en mati\u00e8re d\u2019\u00e9valuation.<\/li><\/ul>\t\t\t\t\t\t\t\t<\/div>\n\t\t\t\t<\/div>\n\t\t\t\t\t<\/div>\n\t\t<\/div>\n\t\t\t\t\t<\/div>\n\t\t<\/section>\n\t\t\t\t<\/div>\n\t\t","protected":false},"excerpt":{"rendered":"<p>Droit fiscal Aux \u00c9mirats Arabes Unis, le gouvernement f\u00e9d\u00e9ral ne pr\u00e9l\u00e8ve pas d&rsquo;imp\u00f4ts sur le revenu des particuliers. Cependant, une r\u00e9glementation fiscale existe et les \u00c9mirats arabes unis ont \u00e9galement sign\u00e9 pas moins de 113 conventions fiscales en vue d&rsquo;\u00e9viter les doubles impositions, m\u00eame si certaines ne sont pas encore en vigueur. Par cons\u00e9quent, les [&hellip;]<\/p>\n","protected":false},"author":1,"featured_media":0,"parent":0,"menu_order":0,"comment_status":"closed","ping_status":"closed","template":"elementor_header_footer","meta":{"_acf_changed":false,"footnotes":""},"class_list":["post-301","page","type-page","status-publish","hentry"],"acf":[],"_links":{"self":[{"href":"https:\/\/thallium-legalconsultancy.com\/fr\/wp-json\/wp\/v2\/pages\/301","targetHints":{"allow":["GET"]}}],"collection":[{"href":"https:\/\/thallium-legalconsultancy.com\/fr\/wp-json\/wp\/v2\/pages"}],"about":[{"href":"https:\/\/thallium-legalconsultancy.com\/fr\/wp-json\/wp\/v2\/types\/page"}],"author":[{"embeddable":true,"href":"https:\/\/thallium-legalconsultancy.com\/fr\/wp-json\/wp\/v2\/users\/1"}],"replies":[{"embeddable":true,"href":"https:\/\/thallium-legalconsultancy.com\/fr\/wp-json\/wp\/v2\/comments?post=301"}],"version-history":[{"count":22,"href":"https:\/\/thallium-legalconsultancy.com\/fr\/wp-json\/wp\/v2\/pages\/301\/revisions"}],"predecessor-version":[{"id":1404,"href":"https:\/\/thallium-legalconsultancy.com\/fr\/wp-json\/wp\/v2\/pages\/301\/revisions\/1404"}],"wp:attachment":[{"href":"https:\/\/thallium-legalconsultancy.com\/fr\/wp-json\/wp\/v2\/media?parent=301"}],"curies":[{"name":"wp","href":"https:\/\/api.w.org\/{rel}","templated":true}]}}