{"id":300,"date":"2022-01-25T12:14:34","date_gmt":"2022-01-25T11:14:34","guid":{"rendered":"https:\/\/thallium-legalconsultancy.com\/index.php\/real-estate-law\/"},"modified":"2023-04-20T07:28:47","modified_gmt":"2023-04-20T05:28:47","slug":"droit-immobilier","status":"publish","type":"page","link":"https:\/\/thallium-legalconsultancy.com\/fr\/droit-immobilier\/","title":{"rendered":"Droit immobilier"},"content":{"rendered":"\t\t<div data-elementor-type=\"wp-page\" data-elementor-id=\"300\" class=\"elementor elementor-300\">\n\t\t\t\t\t\t<section class=\"elementor-section elementor-top-section elementor-element elementor-element-3ef98b6 elementor-section-boxed elementor-section-height-default elementor-section-height-default\" data-id=\"3ef98b6\" data-element_type=\"section\" data-e-type=\"section\">\n\t\t\t\t\t\t<div class=\"elementor-container elementor-column-gap-default\">\n\t\t\t\t\t<div class=\"elementor-column elementor-col-50 elementor-top-column elementor-element elementor-element-1a29806\" data-id=\"1a29806\" data-element_type=\"column\" data-e-type=\"column\">\n\t\t\t<div class=\"elementor-widget-wrap elementor-element-populated\">\n\t\t\t\t\t\t<div class=\"elementor-element elementor-element-2dc9201 elementor-invisible elementor-widget elementor-widget-image\" data-id=\"2dc9201\" data-element_type=\"widget\" data-e-type=\"widget\" data-settings=\"{&quot;_animation&quot;:&quot;fadeInUp&quot;}\" data-widget_type=\"image.default\">\n\t\t\t\t<div class=\"elementor-widget-container\">\n\t\t\t\t\t\t\t\t\t\t\t\t\t\t\t<img fetchpriority=\"high\" decoding=\"async\" width=\"528\" height=\"604\" src=\"https:\/\/thallium-legalconsultancy.com\/wp-content\/uploads\/2023\/04\/Group-3494-3.png\" class=\"attachment-full size-full wp-image-750\" alt=\"\" srcset=\"https:\/\/thallium-legalconsultancy.com\/wp-content\/uploads\/2023\/04\/Group-3494-3.png 528w, https:\/\/thallium-legalconsultancy.com\/wp-content\/uploads\/2023\/04\/Group-3494-3-262x300.png 262w\" sizes=\"(max-width: 528px) 100vw, 528px\" \/>\t\t\t\t\t\t\t\t\t\t\t\t\t\t\t<\/div>\n\t\t\t\t<\/div>\n\t\t\t\t\t<\/div>\n\t\t<\/div>\n\t\t\t\t<div class=\"elementor-column elementor-col-50 elementor-top-column elementor-element elementor-element-8f1ea97\" data-id=\"8f1ea97\" data-element_type=\"column\" data-e-type=\"column\">\n\t\t\t<div class=\"elementor-widget-wrap elementor-element-populated\">\n\t\t\t\t\t\t<div class=\"elementor-element elementor-element-9d932c7 gradiant-title elementor-invisible elementor-widget elementor-widget-heading\" data-id=\"9d932c7\" data-element_type=\"widget\" data-e-type=\"widget\" data-settings=\"{&quot;_animation&quot;:&quot;fadeInUp&quot;}\" data-widget_type=\"heading.default\">\n\t\t\t\t<div class=\"elementor-widget-container\">\n\t\t\t\t\t<h1 class=\"elementor-heading-title elementor-size-default\">Droit immobilier<\/h1>\t\t\t\t<\/div>\n\t\t\t\t<\/div>\n\t\t\t\t<div class=\"elementor-element elementor-element-6a5b94f elementor-invisible elementor-widget elementor-widget-text-editor\" data-id=\"6a5b94f\" data-element_type=\"widget\" data-e-type=\"widget\" data-settings=\"{&quot;_animation&quot;:&quot;fadeInUp&quot;}\" data-widget_type=\"text-editor.default\">\n\t\t\t\t<div class=\"elementor-widget-container\">\n\t\t\t\t\t\t\t\t\t<p>Malgr\u00e9 la crise sanitaire mondiale li\u00e9e \u00e0 l&rsquo;\u00e9pid\u00e9mie du COVID-19, le secteur immobilier \u00e0 Duba\u00ef reste une opportunit\u00e9 d&rsquo;investissement des plus int\u00e9ressantes. En effet, Duba\u00ef est un hub commercial tr\u00e8s pris\u00e9 des investisseurs et en comparaison avec d&rsquo;autres hubs similaires, les prix de l&rsquo;immobilier sont moins \u00e9lev\u00e9s, faisant ainsi de Duba\u00ef l&rsquo;un des march\u00e9s immobiliers les plus attractifs au monde.<\/p><p>Cependant, que vous soyez promoteur, investisseur, entrepreneur ou propri\u00e9taire priv\u00e9, il est important d&rsquo;\u00eatre conseill\u00e9 par un professionnel sur les diff\u00e9rentes lois relatives \u00e0 l&rsquo;immobilier aux \u00c9mirats Arabes Unis.<\/p><p>Lors de l&rsquo;acquisition, de la location et de la vente de biens immobiliers dans un pays offrant un large \u00e9ventail de propri\u00e9t\u00e9s r\u00e9sidentielles et commerciales, il est important de conna\u00eetre les droits et obligations des investisseurs, promoteurs, agents immobiliers, courtiers et vendeurs ainsi que les taxes associ\u00e9es. Il s&rsquo;agit d&rsquo;un processus long et complexe, et pour \u00e9viter toute difficult\u00e9 ult\u00e9rieure, il est pr\u00e9f\u00e9rable de faire appel \u00e0 un avocat le plus t\u00f4t possible. Chez Thallium Legal Consultancy, nos avocats vous apporteront la meilleure expertise juridique en mati\u00e8re de droit immobilier, quel que soit votre secteur d&rsquo;activit\u00e9.<\/p><p>Nos avocats b\u00e9n\u00e9ficient \u00e9galement d&rsquo;une expertise dans la r\u00e9daction et la n\u00e9gociation de contrats li\u00e9s \u00e0 ce secteur et vous assisteront d\u00e8s la promesse d&rsquo;achat\/de vente jusqu&rsquo;\u00e0 la signature du contrat final.<\/p><p>Thallium Legal Consultancy est \u00e9galement \u00e0 m\u00eame de repr\u00e9senter diverses parties dans des litiges immobiliers, aussi bien c\u00f4t\u00e9s investisseurs que promoteurs. Notre exp\u00e9rience dans cette branche du droit nous permet de g\u00e9rer l&rsquo;ensemble de ces contentieux aussi bien devant un tribunal \u00e9tatique que devant un tribunal arbitral.<\/p><p>Enfin, des litiges entre propri\u00e9taires et locataires peuvent \u00e9galement survenir, lesquels sont courants aux \u00c9mirats arabes unis. Il peut s&rsquo;agir de probl\u00e9matiques li\u00e9es \u00e0 des travaux de r\u00e9paration, de non-paiement ou d&rsquo;expulsion. Il est donc important d&rsquo;\u00eatre assist\u00e9 d&rsquo;un avocat pour \u00e9tudier attentivement les termes du contrat de bail et comprendre les droits et responsabilit\u00e9s en tant que propri\u00e9taire ou locataire. En la mati\u00e8re, compte tenu des int\u00e9r\u00eats en jeu, nos avocats privil\u00e9gieront toujours une n\u00e9gociation \u00e0 l&rsquo;amiable et des m\u00e9thodes de Page 11 of 16 r\u00e9solution des diff\u00e9rends moins co\u00fbteuses qu&rsquo;une proc\u00e9dure judiciaire.<\/p><p>Chez Thallium Legal Consultancy, nous conseillons nos clients sur les recours juridiques pouvant \u00eatre entrepris et nous assurons que leurs droits sont respect\u00e9s et prot\u00e9g\u00e9s.<\/p>\t\t\t\t\t\t\t\t<\/div>\n\t\t\t\t<\/div>\n\t\t\t\t\t<\/div>\n\t\t<\/div>\n\t\t\t\t\t<\/div>\n\t\t<\/section>\n\t\t\t\t<\/div>\n\t\t","protected":false},"excerpt":{"rendered":"<p>Droit immobilier Malgr\u00e9 la crise sanitaire mondiale li\u00e9e \u00e0 l&rsquo;\u00e9pid\u00e9mie du COVID-19, le secteur immobilier \u00e0 Duba\u00ef reste une opportunit\u00e9 d&rsquo;investissement des plus int\u00e9ressantes. En effet, Duba\u00ef est un hub commercial tr\u00e8s pris\u00e9 des investisseurs et en comparaison avec d&rsquo;autres hubs similaires, les prix de l&rsquo;immobilier sont moins \u00e9lev\u00e9s, faisant ainsi de Duba\u00ef l&rsquo;un des [&hellip;]<\/p>\n","protected":false},"author":1,"featured_media":0,"parent":0,"menu_order":0,"comment_status":"closed","ping_status":"closed","template":"elementor_header_footer","meta":{"_acf_changed":false,"footnotes":""},"class_list":["post-300","page","type-page","status-publish","hentry"],"acf":[],"_links":{"self":[{"href":"https:\/\/thallium-legalconsultancy.com\/fr\/wp-json\/wp\/v2\/pages\/300","targetHints":{"allow":["GET"]}}],"collection":[{"href":"https:\/\/thallium-legalconsultancy.com\/fr\/wp-json\/wp\/v2\/pages"}],"about":[{"href":"https:\/\/thallium-legalconsultancy.com\/fr\/wp-json\/wp\/v2\/types\/page"}],"author":[{"embeddable":true,"href":"https:\/\/thallium-legalconsultancy.com\/fr\/wp-json\/wp\/v2\/users\/1"}],"replies":[{"embeddable":true,"href":"https:\/\/thallium-legalconsultancy.com\/fr\/wp-json\/wp\/v2\/comments?post=300"}],"version-history":[{"count":14,"href":"https:\/\/thallium-legalconsultancy.com\/fr\/wp-json\/wp\/v2\/pages\/300\/revisions"}],"predecessor-version":[{"id":1326,"href":"https:\/\/thallium-legalconsultancy.com\/fr\/wp-json\/wp\/v2\/pages\/300\/revisions\/1326"}],"wp:attachment":[{"href":"https:\/\/thallium-legalconsultancy.com\/fr\/wp-json\/wp\/v2\/media?parent=300"}],"curies":[{"name":"wp","href":"https:\/\/api.w.org\/{rel}","templated":true}]}}